{"id":11279,"date":"2024-06-29T09:27:43","date_gmt":"2024-06-29T06:27:43","guid":{"rendered":"https:\/\/dsngrid.com\/blackdsn\/?page_id=11279"},"modified":"2024-06-29T13:01:28","modified_gmt":"2024-06-29T10:01:28","slug":"magaza","status":"publish","type":"page","link":"https:\/\/gmgarage.com.tr\/index.php\/magaza\/","title":{"rendered":"Ma\u011faza"},"content":{"rendered":"\t\t<div data-elementor-type=\"wp-page\" data-elementor-id=\"11279\" class=\"elementor elementor-11279\">\n\t\t\t\t\t\t<section class=\"elementor-section elementor-top-section elementor-element elementor-element-d633358 elementor-section-full_width background-transparent elementor-section-height-default elementor-section-height-default\" data-id=\"d633358\" data-element_type=\"section\">\n\t\t\t\t\t\t<div class=\"elementor-container elementor-column-gap-no\">\n\t\t\t\t\t<div class=\"elementor-column elementor-col-100 elementor-top-column elementor-element elementor-element-892f175 background-transparent\" data-id=\"892f175\" data-element_type=\"column\">\n\t\t\t<div class=\"elementor-widget-wrap elementor-element-populated\">\n\t\t\t\t\t\t<div class=\"elementor-element elementor-element-d273a6f dsn-header-animation v-dark-head elementor-align-left elementor-widget elementor-widget-dsn_slider_project_three\" data-id=\"d273a6f\" data-element_type=\"widget\" data-widget_type=\"dsn_slider_project_three.default\">\n\t\t\t\t<div class=\"elementor-widget-container\">\n\t\t\t\t\t\n\n<!-- ========== Slider Parallax ========== -->\n<div class=\"main-slider v-dark-head-mobile has-horizontal  active-nav-slider dsn-webgl has-paginate\" data-dsn-option=\"{&quot;direction&quot;:&quot;horizontal&quot;,&quot;allowTouchMove&quot;:true,&quot;watchSlidesProgress&quot;:true,&quot;grabCursor&quot;:true,&quot;mousewheel&quot;:false}\" data-dsn-webgl=\"{&quot;displacement&quot;:&quot;https:\\\/\\\/gmgarage.com.tr\\\/wp-content\\\/plugins\\\/blackdsn-helper-plugin\\\/assets\\\/img\\\/displacement\\\/8.jpg&quot;,&quot;intensity&quot;:-2,&quot;speed_in&quot;:1.2,&quot;speed_out&quot;:1.2}\">\n\n\n    <div class=\"content-slider slide-inner h-100 over-hidden\">\n        <div class=\"bg-container p-absolute  dsn-hero-parallax-img  w-100 h-100 z-index-1 dsn-hero-parallax-img\">\n            <div class=\"swiper swiper-container  h-100\">\n                <div class=\"swiper-wrapper\">\n\t\t\t\t\t<div class=\"slide-item swiper-slide over-hidden\" data-dsn-id=\"0\"><div class=\"image-bg cover-bg w-100 h-100 before-z-index\" data-overlay=\"4\" style=\"--bg-overlay:;--overlay-blend-mode:unset;\"><\/div><\/div>\n                <\/div>\n            <\/div>\n        <\/div>\n\n\t\t<div class=\"dsn-slider-content dsn-hero-parallax-title p-relative h-100 w-100 dsn-container d-flex w-100 h-100 z-index-2 section-padding\"><div class=\"slide-content p-absolute dsn-active dsn-active-animate\" data-dsn-id=\"0\"><div class=\"metas mb-20 swiper-animate-head\"><span>Fashion Sale<span\/><\/div>  <h2 class=\"title has-box-mod p-relative\"><a data-dsn-split=\"chars\" class=\"init-color\">Fall - Winter<br\/> Collections 2022<\/a><\/h2> <p class=\"description swiper-animate-head max-w570 mt-20\">Consectetur adipisicing elit. Laborum fuga incidunt laboriosam voluptas iure, delectus dignissimos facilis neque nulla earum.<\/p> <div class=\"d-flex mt-20 dsn-def-btn dsn-border-style\"><a class=\" mr-15   background-transparent dsn-btn dsn-border border-color-default  background-main   has-icon-left\" href=\"#0\"> <span class=\"dsn-icon dsn-bg-before btn-icon-left heading-color z-index-1\"><i class=\"fas fa-angle-right\"><\/i><\/span> <span class=\"title-btn p-relative  z-index-1 heading-color\">SHOP NOW<\/span> <\/a><\/div> <\/div><\/div>\n\n    <\/div>\n\n\t        <div class=\"dsn-swiper-paginate\">\n            <div class=\"swiper-pagination dsn-swiper-circle mr-30 ml-30 heading-color\"><\/div>\n        <\/div>\n\t        <div class=\"control-nav w-100  d-flex dsn-container  align-items-center\">\n\n\t\t\t                <div class=\"prev-paginate  dsn-paginate-arrow box-shadow\">\n\n                    <div class=\"swiper-wrapper\">\n\t\t\t\t\t\t<div class=\"swiper-slide\"><div class=\"box-content w-100 d-flex align-items-center\"> <div class=\"prev-arrow\">\r\n                        <div class=\"container-inner\">\r\n                            <svg class=\"arrow v-middle\" xmlns=\"http:\/\/www.w3.org\/2000\/svg\" viewBox=\"0 0 28.214 23.057\">\r\n                                <g fill=\"none\" stroke-linecap=\"square\" stroke-width=\"1\">\r\n                                    <path d=\"M23.528 11.685h-20M16.685 19.528l8-8-8-8\"><\/path>\r\n                                <\/g>\r\n                            <\/svg>\r\n                            <svg class=\"circle\" xmlns=\"http:\/\/www.w3.org\/2000\/svg\" viewBox=\"0 0 24 24\">\r\n                                <g class=\"circle-wrap\" fill=\"none\" stroke-width=\"1\" stroke-linejoin=\"round\"\r\n                                   stroke-miterlimit=\"10\">\r\n                                    <circle cx=\"12\" cy=\"12\" r=\"10.5\"><\/circle>\r\n                                <\/g>\r\n                            <\/svg>\r\n                        <\/div>\r\n                    <\/div><div class='box-title'><h6 class='sm-title-block'>Fall - Winter<br\/> Collections 2022<\/h6><\/div><\/div><\/div>                    <\/div>\n\n                <\/div>\n\n\t\t\t\t\n                    <div class=\"dsn-pagination p-relative w-50 d-flex align-items-end\">\n                        <span class=\"slider-current-index h2\">01<\/span>\n                        <span class=\"sm-title-block\">\/ <\/span><span\n                                class=\"total sm-title-block\"> 1<\/span>\n                    <\/div>\n\n\t\t\t\t                <div class=\"next-paginate dsn-paginate-arrow box-shadow\">\n\n                    <div class=\"swiper-wrapper\">\n\t\t\t\t\t\t<div class=\"swiper-slide\"><div class=\"box-content w-100 d-flex align-items-center justify-content-end\"><div class='box-title'><h6 class='sm-title-block'>Fall - Winter<br\/> Collections 2022<\/h6><\/div><div class=\"next-arrow\">\r\n                        <div class=\"container-inner\">\r\n                            <svg class=\"arrow v-middle\" xmlns=\"http:\/\/www.w3.org\/2000\/svg\" viewBox=\"0 0 28.214 23.057\">\r\n                                <g fill=\"none\" stroke-linecap=\"square\" stroke-width=\"1\">\r\n                                    <path d=\"M23.528 11.685h-20M16.685 19.528l8-8-8-8\"><\/path>\r\n                                <\/g>\r\n                            <\/svg>\r\n                            <svg class=\"circle\" xmlns=\"http:\/\/www.w3.org\/2000\/svg\" width=\"24\" height=\"24\"\r\n                                 viewBox=\"0 0 24 24\">\r\n                                <g class=\"circle-wrap\" fill=\"none\" stroke-width=\"1\" stroke-linejoin=\"round\"\r\n                                   stroke-miterlimit=\"10\">\r\n                                    <circle cx=\"12\" cy=\"12\" r=\"10.5\"><\/circle>\r\n                                <\/g>\r\n                            <\/svg>\r\n                        <\/div>\r\n                    <\/div><\/div><\/div>                    <\/div>\n\n\n                <\/div>\n\n\t\t\t\n        <\/div>\n\n\t\n\n<\/div>\n<!-- ========== End Slider Parallax ========== -->\n\t\t\t\t<\/div>\n\t\t\t\t<\/div>\n\t\t\t\t\t<\/div>\n\t\t<\/div>\n\t\t\t\t\t<\/div>\n\t\t<\/section>\n\t\t\t\t<section class=\"elementor-section elementor-top-section elementor-element elementor-element-d31714e mt-section container elementor-section-full_width background-transparent elementor-section-height-default elementor-section-height-default\" data-id=\"d31714e\" data-element_type=\"section\">\n\t\t\t\t\t\t<div class=\"elementor-container elementor-column-gap-no\">\n\t\t\t\t\t<div class=\"elementor-column elementor-col-100 elementor-top-column elementor-element elementor-element-efcce57 background-transparent\" data-id=\"efcce57\" data-element_type=\"column\">\n\t\t\t<div class=\"elementor-widget-wrap elementor-element-populated\">\n\t\t\t\t\t\t<div class=\"elementor-element elementor-element-04a2b0c elementor-align-center elementor-widget elementor-widget-dsn_title\" data-id=\"04a2b0c\" data-element_type=\"widget\" data-widget_type=\"dsn_title.default\">\n\t\t\t\t<div class=\"elementor-widget-container\">\n\t\t\t\t\t<div class=\"section-title d-flex   \"> <div class=\"sub-section-title \"> <p class=\"description d-inline-block p-relative  p-10 background-section  mb-10\"><span class=\"\">Ma\u011faza<\/span><\/p> <h2 class=\"title-h2 dsn-heading-title p-relative title-block-lg d-block    \"><span >\u00dcr\u00fcn Kateg\u00f6rileri<\/span><\/h2>  <\/div><\/div>\t\t\t\t<\/div>\n\t\t\t\t<\/div>\n\t\t\t\t<div class=\"elementor-element elementor-element-f413f1f elementor-align-center background-transparent elementor-widget elementor-widget-dsn_heading\" data-id=\"f413f1f\" data-element_type=\"widget\" data-widget_type=\"dsn_heading.default\">\n\t\t\t\t<div class=\"elementor-widget-container\">\n\t\t\t\t\t<p class=\"dsn-heading-title d-inline-block p-relative     \">Yeni \u00fcr\u00fcnlerimizde haberdar olmak i\u00e7in Websitemizi takip edin<\/p>\t\t\t\t<\/div>\n\t\t\t\t<\/div>\n\t\t\t\t<section class=\"elementor-section elementor-inner-section elementor-element elementor-element-bd59a85 elementor-section-full_width background-transparent elementor-section-height-default elementor-section-height-default\" data-id=\"bd59a85\" data-element_type=\"section\">\n\t\t\t\t\t\t<div class=\"elementor-container elementor-column-gap-no\">\n\t\t\t\t\t<div class=\"elementor-column elementor-col-100 elementor-inner-column elementor-element elementor-element-cb04a98 dsn-column-gap-custom background-transparent\" data-id=\"cb04a98\" data-element_type=\"column\">\n\t\t\t<div class=\"elementor-widget-wrap elementor-element-populated\">\n\t\t\t\t\t\t<div class=\"elementor-element elementor-element-5e42759 dsn-style-wc-1 elementor-widget elementor-widget-dsn_products_category\" data-id=\"5e42759\" data-element_type=\"widget\" data-widget_type=\"dsn_products_category.default\">\n\t\t\t\t<div class=\"elementor-widget-container\">\n\t\t\t\t\t[product_categories limit=\"1\" columns=\"1\" orderby=\"name\" order=\"ASC\" hide_empty=\"1\" ids=\"41\" parent=\"0\"]\t\t\t\t<\/div>\n\t\t\t\t<\/div>\n\t\t\t\t<div class=\"elementor-element elementor-element-65a52ea dsn-style-wc-1 elementor-widget elementor-widget-dsn_products_category\" data-id=\"65a52ea\" data-element_type=\"widget\" data-widget_type=\"dsn_products_category.default\">\n\t\t\t\t<div class=\"elementor-widget-container\">\n\t\t\t\t\t[product_categories limit=\"1\" columns=\"1\" orderby=\"name\" order=\"ASC\" hide_empty=\"1\" ids=\"38\" parent=\"0\"]\t\t\t\t<\/div>\n\t\t\t\t<\/div>\n\t\t\t\t<div class=\"elementor-element elementor-element-47ccd8d dsn-style-wc-1 elementor-widget elementor-widget-dsn_products_category\" data-id=\"47ccd8d\" data-element_type=\"widget\" data-widget_type=\"dsn_products_category.default\">\n\t\t\t\t<div class=\"elementor-widget-container\">\n\t\t\t\t\t[product_categories limit=\"1\" columns=\"1\" orderby=\"name\" order=\"ASC\" hide_empty=\"1\" ids=\"45\" parent=\"0\"]\t\t\t\t<\/div>\n\t\t\t\t<\/div>\n\t\t\t\t<div class=\"elementor-element elementor-element-4d38d08 dsn-style-wc-1 elementor-widget elementor-widget-dsn_products_category\" data-id=\"4d38d08\" data-element_type=\"widget\" data-widget_type=\"dsn_products_category.default\">\n\t\t\t\t<div class=\"elementor-widget-container\">\n\t\t\t\t\t[product_categories limit=\"1\" columns=\"1\" orderby=\"name\" order=\"ASC\" hide_empty=\"1\" ids=\"43\" parent=\"0\"]\t\t\t\t<\/div>\n\t\t\t\t<\/div>\n\t\t\t\t\t<\/div>\n\t\t<\/div>\n\t\t\t\t\t<\/div>\n\t\t<\/section>\n\t\t\t\t\t<\/div>\n\t\t<\/div>\n\t\t\t\t\t<\/div>\n\t\t<\/section>\n\t\t\t\t<section class=\"elementor-section elementor-top-section elementor-element elementor-element-812d766 elementor-section-full_width v-light background-section elementor-section-height-default elementor-section-height-default\" data-id=\"812d766\" data-element_type=\"section\">\n\t\t\t\t\t\t<div class=\"elementor-container elementor-column-gap-no\">\n\t\t\t\t\t<div class=\"elementor-column elementor-col-100 elementor-top-column elementor-element elementor-element-21ba802 container background-transparent\" data-id=\"21ba802\" data-element_type=\"column\">\n\t\t\t<div class=\"elementor-widget-wrap elementor-element-populated\">\n\t\t\t\t\t\t<div class=\"elementor-element elementor-element-b8904b8 elementor-align-center dsn-icon-heading-color icon-top elementor-widget elementor-widget-dsn_service\" data-id=\"b8904b8\" data-element_type=\"widget\" data-widget_type=\"dsn_service.default\">\n\t\t\t\t<div class=\"elementor-widget-container\">\n\t\t\t\t\t<div class=\"dsn-grid-layout  dsn-grid  dsn-service  icon-top\" data-dsn-iso=\"b8904b8\">\n\n    <div class=\"service-item p-relative grid-item style-box  background-transparent\" >\n\n        <div class=\"service-item-inner number-item h-100\">\n            <div class=\"service-content p-relative\"><h4 class=\"service_title  sm-title-block \">H\u0131zl\u0131 Kargo<\/h4> <div class=\"service_description mt-20 max-w570 dsn-auto\"><p>Free delivery on all orders<\/p><\/div> <\/div>\n        <\/div>\n    <\/div>\n    \n\n    <div class=\"service-item p-relative grid-item style-box  background-transparent\" >\n\n        <div class=\"service-item-inner number-item h-100\">\n            <div class=\"service-content p-relative\"><h4 class=\"service_title  sm-title-block \">G\u00fcvenli \u00d6deme<\/h4> <div class=\"service_description mt-20 max-w570 dsn-auto\"><p>Free delivery on all orders<\/p><\/div> <\/div>\n        <\/div>\n    <\/div>\n    \n\n    <div class=\"service-item p-relative grid-item style-box  background-transparent\" >\n\n        <div class=\"service-item-inner number-item h-100\">\n            <div class=\"service-content p-relative\"><h4 class=\"service_title  sm-title-block \">Para \u0130ade Garantisi<\/h4> <div class=\"service_description mt-20 max-w570 dsn-auto\"><p>Free delivery on all orders<\/p><\/div> <\/div>\n        <\/div>\n    <\/div>\n    \n\n    <div class=\"service-item p-relative grid-item style-box  background-transparent\" >\n\n        <div class=\"service-item-inner number-item h-100\">\n            <div class=\"service-content p-relative\"><h4 class=\"service_title  sm-title-block \">Online Destek<\/h4> <div class=\"service_description mt-20 max-w570 dsn-auto\"><p>Free delivery on all orders<\/p><\/div> <\/div>\n        <\/div>\n    <\/div>\n    \n\n<\/div>\t\t\t\t<\/div>\n\t\t\t\t<\/div>\n\t\t\t\t\t<\/div>\n\t\t<\/div>\n\t\t\t\t\t<\/div>\n\t\t<\/section>\n\t\t\t\t<section class=\"elementor-section elementor-top-section elementor-element elementor-element-1b30493 section-padding background-section elementor-section-full_width elementor-section-height-default elementor-section-height-default\" data-id=\"1b30493\" data-element_type=\"section\">\n\t\t\t\t\t\t<div class=\"elementor-container elementor-column-gap-no\">\n\t\t\t\t\t<div class=\"elementor-column elementor-col-100 elementor-top-column elementor-element elementor-element-a0987cb container background-transparent\" data-id=\"a0987cb\" data-element_type=\"column\">\n\t\t\t<div class=\"elementor-widget-wrap elementor-element-populated\">\n\t\t\t\t\t\t<div class=\"elementor-element elementor-element-84ee51a elementor-align-left dsn-mb-no-space elementor-widget elementor-widget-dsn_title\" data-id=\"84ee51a\" data-element_type=\"widget\" data-widget_type=\"dsn_title.default\">\n\t\t\t\t<div class=\"elementor-widget-container\">\n\t\t\t\t\t<div class=\"section-title d-flex   mb-70\"> <div class=\"sub-section-title \"> <p class=\"description d-inline-block p-relative  p-10 background-main heading-color mb-10\"><span class=\"\">\u00dcr\u00fcnler<\/span><\/p> <h2 class=\"title-h2 dsn-heading-title p-relative title-block-lg d-block    \"><span >Otomotiv Yedek Par\u00e7a \u00fcr\u00fcnler<\/span><\/h2>  <\/div><\/div>\t\t\t\t<\/div>\n\t\t\t\t<\/div>\n\t\t\t\t<div class=\"elementor-element elementor-element-d25d9ae elementor-widget elementor-widget-dsn_products\" data-id=\"d25d9ae\" data-element_type=\"widget\" data-widget_type=\"dsn_products.default\">\n\t\t\t\t<div class=\"elementor-widget-container\">\n\t\t\t\t\t[products limit=\"8\" columns=\"4\" paginate=\"\" best_selling=\"\" on_sale=\"\" orderby=\"title\" order=\"ASC\" category=\"\" tag=\"\" ]\n\n\t\t\t\t<\/div>\n\t\t\t\t<\/div>\n\t\t\t\t<div class=\"elementor-element elementor-element-8ccb799 dsn-normal-btn dsn-icon-heading-color elementor-widget elementor-widget-dsn_button\" data-id=\"8ccb799\" data-element_type=\"widget\" data-widget_type=\"dsn_button.default\">\n\t\t\t\t<div class=\"elementor-widget-container\">\n\t\t\t\t\t<a class=\"dsn-btn dsn-border border-color-heading  background-transparent      move-circle\" href=\"\" data-dsn-text=\"\" data-dsn=\"parallax\">  <span class=\"title-btn p-relative  z-index-1 heading-color\">DAHA FAZLA \u00dcR\u00dcN<\/span> <\/a>\t\t\t\t<\/div>\n\t\t\t\t<\/div>\n\t\t\t\t\t<\/div>\n\t\t<\/div>\n\t\t\t\t\t<\/div>\n\t\t<\/section>\n\t\t\t\t<header class=\"elementor-section elementor-top-section elementor-element elementor-element-7e01fa5 elementor-section-full_width mb-section section-padding background-transparent elementor-section-height-default elementor-section-height-default\" data-id=\"7e01fa5\" data-element_type=\"section\" data-settings=\"{&quot;background_background&quot;:&quot;classic&quot;}\">\n\t\t\t\t\t\t<div class=\"elementor-container elementor-column-gap-no\">\n\t\t\t\t\t<div class=\"elementor-column elementor-col-100 elementor-top-column elementor-element elementor-element-1ae1d09 dsn-container background-transparent\" data-id=\"1ae1d09\" data-element_type=\"column\">\n\t\t\t<div class=\"elementor-widget-wrap elementor-element-populated\">\n\t\t\t\t\t\t<div class=\"elementor-section elementor-inner-section elementor-element elementor-element-d347f1e elementor-section-full_width background-transparent elementor-section-height-default elementor-section-height-default\" data-id=\"d347f1e\" data-element_type=\"section\">\n\t\t\t\t\t\t<div class=\"elementor-container elementor-column-gap-no\">\n\t\t\t\t\t<div class=\"elementor-column elementor-col-50 elementor-inner-column elementor-element elementor-element-104c108 background-transparent\" data-id=\"104c108\" data-element_type=\"column\">\n\t\t\t<div class=\"elementor-widget-wrap\">\n\t\t\t\t\t\t\t<\/div>\n\t\t<\/div>\n\t\t\t\t<div class=\"elementor-column elementor-col-50 elementor-inner-column elementor-element elementor-element-2c66b7c background-section\" data-id=\"2c66b7c\" data-element_type=\"column\" data-settings=\"{&quot;background_background&quot;:&quot;classic&quot;}\">\n\t\t\t<div class=\"elementor-widget-wrap elementor-element-populated\">\n\t\t\t\t\t<div class=\"elementor-background-overlay\"><\/div>\n\t\t\t\t\t\t<div class=\"elementor-element elementor-element-638fc18 elementor-align-left elementor-widget elementor-widget-dsn_title\" data-id=\"638fc18\" data-element_type=\"widget\" data-widget_type=\"dsn_title.default\">\n\t\t\t\t<div class=\"elementor-widget-container\">\n\t\t\t\t\t<div class=\"section-title d-flex   \"> <div class=\"sub-section-title \"> <p class=\"description d-inline-block p-relative dsn-up   mb-10\"><span class=\"\">S\u0131n\u0131rl\u0131 Teklifler %20 \u0130ND\u0130R\u0130M<\/span><\/p> <div class=\"title-h2 dsn-heading-title p-relative title-block-lg d-block dsn-up   heading-color\"><span >Ay\u0131n F\u0131rsat \u00dcr\u00fcn\u00fc<\/span><\/div>  <\/div><\/div>\t\t\t\t<\/div>\n\t\t\t\t<\/div>\n\t\t\t\t<div class=\"elementor-element elementor-element-96a9817 background-transparent elementor-widget elementor-widget-dsn_heading\" data-id=\"96a9817\" data-element_type=\"widget\" data-widget_type=\"dsn_heading.default\">\n\t\t\t\t<div class=\"elementor-widget-container\">\n\t\t\t\t\t<p class=\"dsn-heading-title d-inline-block p-relative     \">Lorem ipsum dolor sit amet, consectetur adipiscing elit, sed do eiusmod tempor incididunt ut labore et dolore magna aliqua. Ut enim ad minim veniam, quis nostrud exercitation ullamco laboris nisi ut aliquip ex ea commodo consequat.<\/p>\t\t\t\t<\/div>\n\t\t\t\t<\/div>\n\t\t\t\t<div class=\"elementor-element elementor-element-1c130a2 dsn-def-btn dsn-icon-heading-color elementor-widget elementor-widget-dsn_button\" data-id=\"1c130a2\" data-element_type=\"widget\" data-widget_type=\"dsn_button.default\">\n\t\t\t\t<div class=\"elementor-widget-container\">\n\t\t\t\t\t<a class=\"dsn-btn dsn-border border-color-default  background-main   has-icon-left\" href=\"#0\" target=\"_blank\" rel=\"nofollow\"> <span class=\"dsn-icon dsn-bg-before btn-icon-left heading-color z-index-1\"><svg class=\"e-font-icon-svg e-fas-long-arrow-alt-right\" viewBox=\"0 0 448 512\" xmlns=\"http:\/\/www.w3.org\/2000\/svg\"><path d=\"M313.941 216H12c-6.627 0-12 5.373-12 12v56c0 6.627 5.373 12 12 12h301.941v46.059c0 21.382 25.851 32.09 40.971 16.971l86.059-86.059c9.373-9.373 9.373-24.569 0-33.941l-86.059-86.059c-15.119-15.119-40.971-4.411-40.971 16.971V216z\"><\/path><\/svg><\/span> <span class=\"title-btn p-relative  z-index-1 \">SATIN AL<\/span> <\/a>\t\t\t\t<\/div>\n\t\t\t\t<\/div>\n\t\t\t\t\t<\/div>\n\t\t<\/div>\n\t\t\t\t\t<\/div>\n\t\t<\/div>\n\t\t\t\t\t<\/div>\n\t\t<\/div>\n\t\t\t\t\t<\/div>\n\t\t<\/header>\n\t\t\t\t<section class=\"elementor-section elementor-top-section elementor-element elementor-element-e6c9feb elementor-section-full_width section-margin background-transparent elementor-section-height-default elementor-section-height-default\" data-id=\"e6c9feb\" data-element_type=\"section\">\n\t\t\t\t\t\t\t<div class=\"elementor-background-overlay\"><\/div>\n\t\t\t\t\t\t\t<div class=\"elementor-container elementor-column-gap-no\">\n\t\t\t\t\t<div class=\"elementor-column elementor-col-100 elementor-top-column elementor-element elementor-element-79126b8 background-transparent\" data-id=\"79126b8\" data-element_type=\"column\">\n\t\t\t<div class=\"elementor-widget-wrap elementor-element-populated\">\n\t\t\t\t\t\t<div class=\"elementor-element elementor-element-33750a5 over-hidden elementor-widget elementor-widget-dsn_move_image\" data-id=\"33750a5\" data-element_type=\"widget\" data-widget_type=\"dsn_move_image.default\">\n\t\t\t\t<div class=\"elementor-widget-container\">\n\t\t\t\t\t\n\n<div class=\"dsn-grid-layout  dsn-grid  section-image section-move-image use-horizontal-scroll-image  \" data-dsn-iso=\"33750a5\" data-dsn-option=\"{&quot;speed&quot;:0,&quot;start&quot;:&quot;100%&quot;,&quot;end&quot;:&quot;0%&quot;,&quot;pin&quot;:false}\">\n\n\t\n\n\t\t            <div class=\"grid-item\">\n                <div class=\"image-item\">\n\t\t\t\t\t                <\/div>\n            <\/div>\n\t\t            <div class=\"grid-item\">\n                <div class=\"image-item\">\n\t\t\t\t\t                <\/div>\n            <\/div>\n\t\t            <div class=\"grid-item\">\n                <div class=\"image-item\">\n\t\t\t\t\t                <\/div>\n            <\/div>\n\t\t            <div class=\"grid-item\">\n                <div class=\"image-item\">\n\t\t\t\t\t                <\/div>\n            <\/div>\n\t\t            <div class=\"grid-item\">\n                <div class=\"image-item\">\n\t\t\t\t\t                <\/div>\n            <\/div>\n\t\t            <div class=\"grid-item\">\n                <div class=\"image-item\">\n\t\t\t\t\t                <\/div>\n            <\/div>\n\t\t            <div class=\"grid-item\">\n                <div class=\"image-item\">\n\t\t\t\t\t                <\/div>\n            <\/div>\n\t\t            <div class=\"grid-item\">\n                <div class=\"image-item\">\n\t\t\t\t\t                <\/div>\n            <\/div>\n\t\t            <div class=\"grid-item\">\n                <div class=\"image-item\">\n\t\t\t\t\t                <\/div>\n            <\/div>\n\t\t\n\t<\/div>\n\t\t\t\t<\/div>\n\t\t\t\t<\/div>\n\t\t\t\t\t<\/div>\n\t\t<\/div>\n\t\t\t\t\t<\/div>\n\t\t<\/section>\n\t\t\t\t<\/div>\n\t\t","protected":false},"excerpt":{"rendered":"<p>Fashion Sale Fall &#8211; Winter Collections 2022 Consectetur adipisicing elit. Laborum fuga incidunt laboriosam voluptas iure, delectus dignissimos facilis neque nulla earum. SHOP NOW Fall &#8211; Winter Collections 2022 01 \/ 1 Fall &#8211; Winter Collections 2022 Ma\u011faza \u00dcr\u00fcn Kateg\u00f6rileri Yeni \u00fcr\u00fcnlerimizde haberdar olmak i\u00e7in Websitemizi takip edin H\u0131zl\u0131 Kargo Free delivery on all orders [&hellip;]<\/p>\n","protected":false},"author":1,"featured_media":0,"parent":0,"menu_order":0,"comment_status":"closed","ping_status":"closed","template":"","meta":{"footnotes":""},"class_list":["post-11279","page","type-page","status-publish","hentry"],"acf":[],"_links":{"self":[{"href":"https:\/\/gmgarage.com.tr\/index.php\/wp-json\/wp\/v2\/pages\/11279","targetHints":{"allow":["GET"]}}],"collection":[{"href":"https:\/\/gmgarage.com.tr\/index.php\/wp-json\/wp\/v2\/pages"}],"about":[{"href":"https:\/\/gmgarage.com.tr\/index.php\/wp-json\/wp\/v2\/types\/page"}],"author":[{"embeddable":true,"href":"https:\/\/gmgarage.com.tr\/index.php\/wp-json\/wp\/v2\/users\/1"}],"replies":[{"embeddable":true,"href":"https:\/\/gmgarage.com.tr\/index.php\/wp-json\/wp\/v2\/comments?post=11279"}],"version-history":[{"count":8,"href":"https:\/\/gmgarage.com.tr\/index.php\/wp-json\/wp\/v2\/pages\/11279\/revisions"}],"predecessor-version":[{"id":12094,"href":"https:\/\/gmgarage.com.tr\/index.php\/wp-json\/wp\/v2\/pages\/11279\/revisions\/12094"}],"wp:attachment":[{"href":"https:\/\/gmgarage.com.tr\/index.php\/wp-json\/wp\/v2\/media?parent=11279"}],"curies":[{"name":"wp","href":"https:\/\/api.w.org\/{rel}","templated":true}]}}