{"id":12141,"date":"2024-06-29T16:40:24","date_gmt":"2024-06-29T13:40:24","guid":{"rendered":"https:\/\/gmgarage.com.tr\/?page_id=12141"},"modified":"2024-06-29T16:42:00","modified_gmt":"2024-06-29T13:42:00","slug":"iade-politikasi","status":"publish","type":"page","link":"https:\/\/gmgarage.com.tr\/index.php\/iade-politikasi\/","title":{"rendered":"\u0130ade Politikas\u0131"},"content":{"rendered":"\t\t<div data-elementor-type=\"wp-page\" data-elementor-id=\"12141\" class=\"elementor elementor-12141\">\n\t\t\t\t<div class=\"elementor-element elementor-element-6246fd9 e-flex e-con-boxed e-con e-parent\" data-id=\"6246fd9\" data-element_type=\"container\">\n\t\t\t\t\t<div class=\"e-con-inner\">\n\t\t\t\t<div class=\"elementor-element elementor-element-0830373 elementor-widget elementor-widget-text-editor\" data-id=\"0830373\" data-element_type=\"widget\" data-widget_type=\"text-editor.default\">\n\t\t\t\t<div class=\"elementor-widget-container\">\n\t\t\t\t\t\t\t\t\t<article id=\"post-16709\" class=\"post-16709 page type-page status-publish hentry\"><div class=\"entry-content\"><div class=\"elementor elementor-16709\" data-elementor-type=\"wp-page\" data-elementor-id=\"16709\"><div class=\"elementor-element elementor-element-bca3d4c e-flex e-con-boxed e-con e-parent\" data-id=\"bca3d4c\" data-element_type=\"container\" data-core-v316-plus=\"true\"><div class=\"e-con-inner\"><div class=\"elementor-element elementor-element-f9e1399 elementor-widget elementor-widget-wd_text_block\" data-id=\"f9e1399\" data-element_type=\"widget\" data-widget_type=\"wd_text_block.default\"><div class=\"elementor-widget-container\"><div class=\"wd-text-block reset-last-child text-left\"><p>www.gmgarage.com.tr\u2019den sat\u0131n ald\u0131\u011f\u0131n\u0131z malzemeleri, kargodan teslim ald\u0131\u011f\u0131n\u0131z g\u00fcnden itibaren 14 g\u00fcn i\u00e7erisinde iade ko\u015fullar\u0131 dahilinde iade talebinde bulunabilirsiniz. Ba\u015fvuruda bulunmadan g\u00f6nderilen iadeler kabul edilmeyecek ve taraf\u0131n\u0131za geri g\u00f6nderilecektir.<\/p><p>\u00a0<\/p><p>Malzemelerin cayma hakk\u0131 dahilinde iade kabul edilebilmesi i\u00e7in malzemelerin ambalaj\u0131na zarar gelmemi\u015f olmas\u0131, faturas\u0131n\u0131n ve t\u00fcm tamamlay\u0131c\u0131 unsurlar\u0131n\u0131n, varsa hediye veya promosyonlu kampanyal\u0131 \u00fcr\u00fcnler ile birlikte eksiksiz ve hasars\u0131z olarak geri g\u00f6nderilmesi gerekmektedir, eksik bulunan iadeler kabul edilmeyecektir.<\/p><p>\u00a0<\/p><p><strong>Cayma Hakk\u0131n\u0131n Ge\u00e7erli Olmad\u0131\u011f\u0131 Durumlar;<br \/><\/strong>-\u0130ade ko\u015fullar\u0131nda belirtilen s\u00fcrenin a\u015f\u0131lmas\u0131,<\/p><p>-Kargo veya ambar ile ta\u015f\u0131ma s\u0131ras\u0131nda meydana gelebilecek ezilmeler sonucu hasarl\u0131 malzemeler,<\/p><p>www.gmgarage.com.tr \u00fczerinden sipari\u015f verdi\u011finiz taktirde size sunulan \u00f6n bilgilendirme ve mesafeli sat\u0131\u015f s\u00f6zle\u015fmesini kabul etmi\u015f say\u0131l\u0131rs\u0131n\u0131z.<\/p><p>Sat\u0131n ald\u0131\u011f\u0131n\u0131z malzemeleri, kargodan teslim ald\u0131\u011f\u0131n\u0131z g\u00fcnden itibaren 14 g\u00fcn i\u00e7erisinde iade ko\u015fullar\u0131 dahilinde iade talebinde bulunabilirsiniz. Ba\u015fvuruda bulunmadan g\u00f6nderilen iadeler kabul edilmeyecek ve taraf\u0131n\u0131za geri g\u00f6nderilecektir.<\/p><p>Malzemelerin cayma hakk\u0131 dahilinde iade kabul edilebilmesi i\u00e7in malzemelerin ambalaj\u0131na zarar gelmemi\u015f olmas\u0131, faturas\u0131n\u0131n ve t\u00fcm tamamlay\u0131c\u0131 unsurlar\u0131n\u0131n, varsa hediye veya promosyonlu kampanyal\u0131 \u00fcr\u00fcnler ile birlikte eksiksiz ve hasars\u0131z olarak geri g\u00f6nderilmesi gerekmektedir, eksik bulunan iadeler kabul edilmeyecektir.<\/p><p><strong>Cayma Hakk\u0131n\u0131n Ge\u00e7erli Olmad\u0131\u011f\u0131 Durumlar;<\/strong><\/p><p>-\u0130ade ko\u015fullar\u0131nda belirtilen s\u00fcrenin a\u015f\u0131lmas\u0131,<\/p><p>-Kargo veya ambar ile ta\u015f\u0131ma s\u0131ras\u0131nda meydana gelebilecek ezilmeler sonucu hasarl\u0131 malzemeler<\/p><p>\u00a0<\/p><p>www.gmgarage.com.tr \u00fczerinden sipari\u015f verdi\u011finiz taktirde size sunulan \u00f6n bilgilendirme ve mesafeli sat\u0131\u015f s\u00f6zle\u015fmesini kabul etmi\u015f say\u0131l\u0131rs\u0131n\u0131z.<\/p><\/div><\/div><\/div><\/div><\/div><\/div><\/div><\/article>\t\t\t\t\t\t\t\t<\/div>\n\t\t\t\t<\/div>\n\t\t\t\t\t<\/div>\n\t\t\t\t<\/div>\n\t\t\t\t<\/div>\n\t\t","protected":false},"excerpt":{"rendered":"<p>www.gmgarage.com.tr\u2019den sat\u0131n ald\u0131\u011f\u0131n\u0131z malzemeleri, kargodan teslim ald\u0131\u011f\u0131n\u0131z g\u00fcnden itibaren 14 g\u00fcn i\u00e7erisinde iade ko\u015fullar\u0131 dahilinde iade talebinde bulunabilirsiniz. Ba\u015fvuruda bulunmadan g\u00f6nderilen iadeler kabul edilmeyecek ve taraf\u0131n\u0131za geri g\u00f6nderilecektir. \u00a0 Malzemelerin cayma hakk\u0131 dahilinde iade kabul edilebilmesi i\u00e7in malzemelerin ambalaj\u0131na zarar gelmemi\u015f olmas\u0131, faturas\u0131n\u0131n ve t\u00fcm tamamlay\u0131c\u0131 unsurlar\u0131n\u0131n, varsa hediye veya promosyonlu kampanyal\u0131 \u00fcr\u00fcnler ile birlikte [&hellip;]<\/p>\n","protected":false},"author":1,"featured_media":0,"parent":0,"menu_order":0,"comment_status":"closed","ping_status":"closed","template":"","meta":{"footnotes":""},"class_list":["post-12141","page","type-page","status-publish","hentry"],"acf":[],"_links":{"self":[{"href":"https:\/\/gmgarage.com.tr\/index.php\/wp-json\/wp\/v2\/pages\/12141","targetHints":{"allow":["GET"]}}],"collection":[{"href":"https:\/\/gmgarage.com.tr\/index.php\/wp-json\/wp\/v2\/pages"}],"about":[{"href":"https:\/\/gmgarage.com.tr\/index.php\/wp-json\/wp\/v2\/types\/page"}],"author":[{"embeddable":true,"href":"https:\/\/gmgarage.com.tr\/index.php\/wp-json\/wp\/v2\/users\/1"}],"replies":[{"embeddable":true,"href":"https:\/\/gmgarage.com.tr\/index.php\/wp-json\/wp\/v2\/comments?post=12141"}],"version-history":[{"count":4,"href":"https:\/\/gmgarage.com.tr\/index.php\/wp-json\/wp\/v2\/pages\/12141\/revisions"}],"predecessor-version":[{"id":12146,"href":"https:\/\/gmgarage.com.tr\/index.php\/wp-json\/wp\/v2\/pages\/12141\/revisions\/12146"}],"wp:attachment":[{"href":"https:\/\/gmgarage.com.tr\/index.php\/wp-json\/wp\/v2\/media?parent=12141"}],"curies":[{"name":"wp","href":"https:\/\/api.w.org\/{rel}","templated":true}]}}