{"id":393,"date":"2022-08-12T20:38:36","date_gmt":"2022-08-12T20:38:36","guid":{"rendered":"https:\/\/dsngrid.com\/blackdsn\/?page_id=393"},"modified":"2024-06-28T15:12:52","modified_gmt":"2024-06-28T12:12:52","slug":"gm-garage","status":"publish","type":"page","link":"https:\/\/gmgarage.com.tr\/","title":{"rendered":"GM Garage"},"content":{"rendered":"\t\t<div data-elementor-type=\"wp-page\" data-elementor-id=\"393\" class=\"elementor elementor-393\">\n\t\t\t\t\t\t<div class=\"elementor-section elementor-top-section elementor-element elementor-element-77513ce mb-section elementor-section-full_width elementor-section-stretched background-transparent elementor-section-height-default elementor-section-height-default\" data-id=\"77513ce\" data-element_type=\"section\" data-settings=\"{&quot;stretch_section&quot;:&quot;section-stretched&quot;}\">\n\t\t\t\t\t\t<div class=\"elementor-container elementor-column-gap-no\">\n\t\t\t\t\t<div class=\"elementor-column elementor-col-100 elementor-top-column elementor-element elementor-element-adde764 background-transparent\" data-id=\"adde764\" data-element_type=\"column\">\n\t\t\t<div class=\"elementor-widget-wrap elementor-element-populated\">\n\t\t\t\t\t\t<div class=\"elementor-element elementor-element-bb66349 elementor-absolute elementor-hidden-tablet elementor-hidden-mobile dsn-equal-height h-100 elementor-widget elementor-widget-dsn_bg_mask\" data-id=\"bb66349\" data-element_type=\"widget\" data-settings=\"{&quot;_position&quot;:&quot;absolute&quot;}\" data-widget_type=\"dsn_bg_mask.default\">\n\t\t\t\t<div class=\"elementor-widget-container\">\n\t\t\t\t\t<div class=\"dsn-bg-mask  background-section\"><\/div>\t\t\t\t<\/div>\n\t\t\t\t<\/div>\n\t\t\t\t<section class=\"elementor-section elementor-inner-section elementor-element elementor-element-8eb19c3 dsn-container elementor-section-full_width background-transparent elementor-section-height-default elementor-section-height-default\" data-id=\"8eb19c3\" data-element_type=\"section\">\n\t\t\t\t\t\t<div class=\"elementor-container elementor-column-gap-no\">\n\t\t\t\t\t<div class=\"elementor-column elementor-col-100 elementor-inner-column elementor-element elementor-element-03fa551 background-transparent\" data-id=\"03fa551\" data-element_type=\"column\">\n\t\t\t<div class=\"elementor-widget-wrap elementor-element-populated\">\n\t\t\t\t\t\t<div class=\"elementor-element elementor-element-955e30c service-with-img elementor-align-center elementor-mobile-align-center icon-top elementor-widget elementor-widget-dsn_service\" data-id=\"955e30c\" data-element_type=\"widget\" data-widget_type=\"dsn_service.default\">\n\t\t\t\t<div class=\"elementor-widget-container\">\n\t\t\t\t\t<div class=\"dsn-grid-layout  dsn-grid full-width-last-item dsn-service  icon-top\" data-dsn-iso=\"955e30c\">\n\n    <div class=\"service-item p-relative grid-item style-box v-dark-head background-transparent\" >\n\n        <div class=\"service-item-inner number-item h-100\">\n            <div class=\"service-content p-relative\"><h4 class=\"service_title  title-block \">SERV\u0130S H\u0130ZMETLER\u0130<\/h4> <div class=\"service_description mt-20 max-w570 dsn-auto\"><ul><li>KAPORTA<\/li><li>BOYA<\/li><li>MEKAN\u0130K<\/li><li>ELEKTR\u0130K<\/li><li>ARA\u00c7 KUAF\u00d6R<\/li><\/ul><\/div> <div class=\"d-flex mt-20 dsn-def-btn dsn-hover-icon\">\r\n\t<a href=\"https:\/\/gmgarage.com.tr\/index.php\/anasayfa\/\" target=\"_blank\" rel=\"nofollow\" class=\"dsn-btn dsn-border border-color-default  background-section   has-icon-right\">  <span class=\"title-btn p-relative  z-index-1 heading-color\">SAYFAYA G\u0130T<\/span> <span class=\"dsn-icon dsn-bg-before btn-icon-right heading-color z-index-1\"><i class=\"fas fa-angle-right\"><\/i><\/span><\/a><\/div>\r\n\r\n<\/div>\n        <\/div>\n    <\/div>\n            <div class=\"item-bg cover-bg\"\n             data-dsn-bg=\"https:\/\/gmgarage.com.tr\/wp-content\/uploads\/2024\/06\/smryn.png\"\n             data-overlay=\"4\">\n        <\/div>\n    \n\n    <div class=\"service-item p-relative grid-item style-box v-dark-head background-transparent\" >\n\n        <div class=\"service-item-inner number-item h-100\">\n            <div class=\"service-content p-relative\"><h4 class=\"service_title  title-block \">K\u0130RALAMA H\u0130ZMETLER\u0130<\/h4> <div class=\"service_description mt-20 max-w570 dsn-auto\"><ul><li>G\u00dcNL\u00dcK K\u0130RALAMA<\/li><li>AYLIK K\u0130RALAMA<\/li><li>KURUMSAL F\u0130LO K\u0130RALAMA<\/li><\/ul><\/div> <div class=\"d-flex mt-20 dsn-def-btn dsn-hover-icon\">\r\n\t<a href=\"https:\/\/gmgarage.com.tr\/index.php\/arac-kiralama\/\" target=\"_blank\" rel=\"nofollow\" class=\"dsn-btn dsn-border border-color-default  background-section   has-icon-right dsn-btn dsn-border border-color-default  background-section   has-icon-right\">  <span class=\"title-btn p-relative  z-index-1 heading-color title-btn p-relative  z-index-1 heading-color\">SAYFAYA G\u0130T<\/span> <span class=\"dsn-icon dsn-bg-before btn-icon-right heading-color z-index-1\"><i class=\"fas fa-angle-right\"><\/i><\/span><\/a><\/div>\r\n\r\n<\/div>\n        <\/div>\n    <\/div>\n            <div class=\"item-bg cover-bg\"\n             data-dsn-bg=\"https:\/\/gmgarage.com.tr\/wp-content\/uploads\/2022\/08\/Rent-A-Car.png\"\n             data-overlay=\"4\">\n        <\/div>\n    \n\n<\/div>\t\t\t\t<\/div>\n\t\t\t\t<\/div>\n\t\t\t\t\t<\/div>\n\t\t<\/div>\n\t\t\t\t\t<\/div>\n\t\t<\/section>\n\t\t\t\t\t<\/div>\n\t\t<\/div>\n\t\t\t\t\t<\/div>\n\t\t<\/div>\n\t\t\t\t<\/div>\n\t\t","protected":false},"excerpt":{"rendered":"<p>SERV\u0130S H\u0130ZMETLER\u0130 KAPORTA BOYA MEKAN\u0130K ELEKTR\u0130K ARA\u00c7 KUAF\u00d6R SAYFAYA G\u0130T K\u0130RALAMA H\u0130ZMETLER\u0130 G\u00dcNL\u00dcK K\u0130RALAMA AYLIK K\u0130RALAMA KURUMSAL F\u0130LO K\u0130RALAMA SAYFAYA G\u0130T<\/p>\n","protected":false},"author":1,"featured_media":0,"parent":0,"menu_order":7,"comment_status":"closed","ping_status":"closed","template":"","meta":{"footnotes":""},"class_list":["post-393","page","type-page","status-publish","hentry"],"acf":[],"_links":{"self":[{"href":"https:\/\/gmgarage.com.tr\/index.php\/wp-json\/wp\/v2\/pages\/393","targetHints":{"allow":["GET"]}}],"collection":[{"href":"https:\/\/gmgarage.com.tr\/index.php\/wp-json\/wp\/v2\/pages"}],"about":[{"href":"https:\/\/gmgarage.com.tr\/index.php\/wp-json\/wp\/v2\/types\/page"}],"author":[{"embeddable":true,"href":"https:\/\/gmgarage.com.tr\/index.php\/wp-json\/wp\/v2\/users\/1"}],"replies":[{"embeddable":true,"href":"https:\/\/gmgarage.com.tr\/index.php\/wp-json\/wp\/v2\/comments?post=393"}],"version-history":[{"count":35,"href":"https:\/\/gmgarage.com.tr\/index.php\/wp-json\/wp\/v2\/pages\/393\/revisions"}],"predecessor-version":[{"id":12331,"href":"https:\/\/gmgarage.com.tr\/index.php\/wp-json\/wp\/v2\/pages\/393\/revisions\/12331"}],"wp:attachment":[{"href":"https:\/\/gmgarage.com.tr\/index.php\/wp-json\/wp\/v2\/media?parent=393"}],"curies":[{"name":"wp","href":"https:\/\/api.w.org\/{rel}","templated":true}]}}