{"id":4262,"date":"2022-08-16T17:40:03","date_gmt":"2022-08-16T17:40:03","guid":{"rendered":"https:\/\/dsngrid.com\/blackdsn\/?page_id=4262"},"modified":"2024-06-28T15:25:16","modified_gmt":"2024-06-28T12:25:16","slug":"hizmetlerimiz","status":"publish","type":"page","link":"https:\/\/gmgarage.com.tr\/index.php\/hizmetlerimiz\/","title":{"rendered":"Hizmetlerimiz"},"content":{"rendered":"\t\t<div data-elementor-type=\"wp-page\" data-elementor-id=\"4262\" class=\"elementor elementor-4262\">\n\t\t\t\t\t\t<section class=\"elementor-section elementor-top-section elementor-element elementor-element-8b6b405 elementor-section-full_width background-transparent elementor-section-height-default elementor-section-height-default\" data-id=\"8b6b405\" data-element_type=\"section\">\n\t\t\t\t\t\t\t<div class=\"elementor-background-overlay\"><\/div>\n\t\t\t\t\t\t\t<div class=\"elementor-container elementor-column-gap-no\">\n\t\t\t\t\t<div class=\"elementor-column elementor-col-100 elementor-top-column elementor-element elementor-element-036fdba container section-padding background-theme v-light\" data-id=\"036fdba\" data-element_type=\"column\">\n\t\t\t<div class=\"elementor-widget-wrap elementor-element-populated\">\n\t\t\t\t\t\t<div class=\"elementor-element elementor-element-54c911e elementor-align-center background-transparent elementor-widget elementor-widget-dsn_heading\" data-id=\"54c911e\" data-element_type=\"widget\" data-widget_type=\"dsn_heading.default\">\n\t\t\t\t<div class=\"elementor-widget-container\">\n\t\t\t\t\t<h1 class=\"title-h2 dsn-heading-title d-inline-block p-relative     \">PROFESYONEL SERV\u0130S H\u0130ZMETLER\u0130M\u0130Z<\/h1>\t\t\t\t<\/div>\n\t\t\t\t<\/div>\n\t\t\t\t<div class=\"elementor-element elementor-element-a4b8796 elementor-align-center background-transparent elementor-widget elementor-widget-dsn_heading\" data-id=\"a4b8796\" data-element_type=\"widget\" data-widget_type=\"dsn_heading.default\">\n\t\t\t\t<div class=\"elementor-widget-container\">\n\t\t\t\t\t<p class=\"dsn-heading-title d-inline-block p-relative     \">GM GARAGE <\/p>\t\t\t\t<\/div>\n\t\t\t\t<\/div>\n\t\t\t\t<div class=\"elementor-element elementor-element-1d2f2ee dsn-def-btn dsn-hover-icon dsn-icon-heading-color elementor-widget elementor-widget-dsn_button\" data-id=\"1d2f2ee\" data-element_type=\"widget\" data-widget_type=\"dsn_button.default\">\n\t\t\t\t<div class=\"elementor-widget-container\">\n\t\t\t\t\t<a class=\"dsn-btn dsn-border border-color-default  background-section   has-icon-left\" href=\"#0\" target=\"_blank\" rel=\"nofollow\"> <span class=\"dsn-icon dsn-bg-before btn-icon-left heading-color z-index-1\"><i class=\"fas fa-angle-right\"><\/i><\/span> <span class=\"title-btn p-relative  z-index-1 \">\u0130leti\u015fim<\/span> <\/a>\t\t\t\t<\/div>\n\t\t\t\t<\/div>\n\t\t\t\t\t<\/div>\n\t\t<\/div>\n\t\t\t\t\t<\/div>\n\t\t<\/section>\n\t\t<div class=\"elementor-element elementor-element-922e000 e-flex e-con-boxed e-con e-parent\" data-id=\"922e000\" data-element_type=\"container\">\n\t\t\t\t\t<div class=\"e-con-inner\">\n\t\t\t\t<div class=\"elementor-element elementor-element-311b65a dsn-style-cards elementor-align-left elementor-widget elementor-widget-dsn_posts_slider\" data-id=\"311b65a\" data-element_type=\"widget\" data-widget_type=\"dsn_posts_slider.default\">\n\t\t\t\t<div class=\"elementor-widget-container\">\n\t\t\t\t\t    <div class=\"root-posts\"\n         style=\"--dsn-row-item:30px\">\n\t\t<div class=\"dsn-posts dsn-post-type-cards box-image-blackdsn \"><div class=\"has-parallax-image blackdsn-swiper-slider dsn-swiper p-relative\" data-dsn-option=\"{&quot;spaceBetween&quot;:0,&quot;breakpoints&quot;:{&quot;0&quot;:{&quot;spaceBetween&quot;:0,&quot;centeredSlides&quot;:false,&quot;slidesPerGroup&quot;:1,&quot;slidesPerView&quot;:1,&quot;speed&quot;:1000},&quot;576&quot;:{&quot;spaceBetween&quot;:0,&quot;centeredSlides&quot;:false,&quot;slidesPerGroup&quot;:1,&quot;slidesPerView&quot;:1,&quot;speed&quot;:1000},&quot;768&quot;:{&quot;spaceBetween&quot;:50,&quot;centeredSlides&quot;:true,&quot;slidesPerGroup&quot;:1,&quot;slidesPerView&quot;:1.1,&quot;speed&quot;:1000},&quot;992&quot;:{&quot;spaceBetween&quot;:60,&quot;centeredSlides&quot;:true,&quot;slidesPerGroup&quot;:1,&quot;slidesPerView&quot;:1.5,&quot;speed&quot;:1000}},&quot;allowTouchMove&quot;:true,&quot;centeredSlides&quot;:false,&quot;direction&quot;:&quot;horizontal&quot;,&quot;autoHeight&quot;:false,&quot;slideToClickedSlide&quot;:false,&quot;grabCursor&quot;:true,&quot;mousewheel&quot;:true,&quot;loop&quot;:true,&quot;parallax&quot;:false,&quot;slidesPerGroup&quot;:1,&quot;slidesPerView&quot;:1,&quot;speed&quot;:1000,&quot;effect&quot;:&quot;slide&quot;,&quot;autoplay&quot;:{&quot;delay&quot;:2000,&quot;disableOnInteraction&quot;:true,&quot;reverseDirection&quot;:false,&quot;stopOnLastSlide&quot;:false,&quot;waitForTransition&quot;:true}}\"><div class=\"swiper\"><div class=\"swiper-wrapper\">\n        <article class=\"dsn-item-post  grid-item over-hidden p-relative box-hover-image post-11962 box-image-blackdsn  dsn-show-link otomotiv-servis  background-transparent swiper-slide\" >\n\n            <div class=\"box-content d-flex \">\n\n\t\t\t\t<h2 class=\"post-title word-wrap d-inline-block dsn-bg title-h2\"><a href=\"https:\/\/gmgarage.com.tr\/index.php\/blackdsn-portfolio\/kuafor\/\" class=\"effect-ajax init-color\" data-dsn-ajax=\"work\">KUAF\u00d6R<\/a><\/h2><a class=\"effect-ajax box-image-link bg-shadow\" href=\"https:\/\/gmgarage.com.tr\/index.php\/blackdsn-portfolio\/kuafor\/\" data-dsn-ajax=\"work\"\r\n   title=\"KUAF\u00d6R\">\r\n\t<div class=\"box-image-bg before-z-index dsn-swiper-parallax-transform\" data-overlay=\"2\"><img fetchpriority=\"high\" decoding=\"async\" width=\"1920\" height=\"1080\" src=\"https:\/\/gmgarage.com.tr\/wp-content\/uploads\/2024\/06\/ac1.png\" class=\"cover-bg-img dsn-swiper-parallax-transform  wp-post-image\" alt=\"\" data-dsn-position=\"50% 50%\" srcset=\"https:\/\/gmgarage.com.tr\/wp-content\/uploads\/2024\/06\/ac1.png 1920w, https:\/\/gmgarage.com.tr\/wp-content\/uploads\/2024\/06\/ac1-300x169.png 300w, https:\/\/gmgarage.com.tr\/wp-content\/uploads\/2024\/06\/ac1-1024x576.png 1024w, https:\/\/gmgarage.com.tr\/wp-content\/uploads\/2024\/06\/ac1-768x432.png 768w, https:\/\/gmgarage.com.tr\/wp-content\/uploads\/2024\/06\/ac1-1536x864.png 1536w, https:\/\/gmgarage.com.tr\/wp-content\/uploads\/2024\/06\/ac1-1200x675.png 1200w\" sizes=\"(max-width: 1920px) 100vw, 1920px\" \/><\/div><\/a>\n                <div class=\"post-content dsn-bg p-relative z-index-1 d-flex flex-column\">\n\n                    <div class=\"post-title-info\">\n\t\t\t\t\t\t\r\n\r\n<div class=\"post-meta max-w750\">\r\n\r\n\t<div class=\"p-relative d-inline-block dsn-category dsn-bg metas mb-10 entry-meta\"><span data-separator=\" ||  \"><a href=\"https:\/\/gmgarage.com.tr\/index.php\/dsn-blackdsn-categories\/otomotiv-servis\/\" title=\"T\u00fcm Yaz\u0131lar\u0131 G\u00f6r\u00fcnt\u00fcle \" class=\"effect-ajax\">Otomotiv Servis<\/a><\/span><\/div>\r\n<\/div>                    <\/div>\n\n\t\t\t\t\t                        <div class=\"post-description-info \">\n\t\t\t\t\t\t\t<a href=\"https:\/\/gmgarage.com.tr\/index.php\/blackdsn-portfolio\/kuafor\/\" class=\"effect-ajax dsn-post-link move-circle background-theme\"\r\n   data-dsn=\"parallax\"\r\n   data-dsn-ajax=\"work\" title=\"KUAF\u00d6R\">\r\n\t\u0130NCELE\r\n<\/a>\r\n                        <\/div>\n\t\t\t\t\t\n                <\/div>\n            <\/div>\n\n\n        <\/article>\n\n\t\n        <article class=\"dsn-item-post  grid-item over-hidden p-relative box-hover-image post-217 box-image-blackdsn  dsn-show-link otomotiv-servis  background-transparent swiper-slide\" >\n\n            <div class=\"box-content d-flex \">\n\n\t\t\t\t<h2 class=\"post-title word-wrap d-inline-block dsn-bg title-h2\"><a href=\"https:\/\/gmgarage.com.tr\/index.php\/blackdsn-portfolio\/mekanik\/\" class=\"effect-ajax init-color\" data-dsn-ajax=\"work\">MEKAN\u0130K<\/a><\/h2><a class=\"effect-ajax box-image-link bg-shadow\" href=\"https:\/\/gmgarage.com.tr\/index.php\/blackdsn-portfolio\/mekanik\/\" data-dsn-ajax=\"work\"\r\n   title=\"MEKAN\u0130K\">\r\n\t<div class=\"box-image-bg before-z-index dsn-swiper-parallax-transform\" data-overlay=\"2\"><img decoding=\"async\" width=\"1920\" height=\"1080\" src=\"https:\/\/gmgarage.com.tr\/wp-content\/uploads\/2022\/08\/mekanik.png\" class=\"cover-bg-img dsn-swiper-parallax-transform  wp-post-image\" alt=\"\" data-dsn-position=\"50% 50%\" srcset=\"https:\/\/gmgarage.com.tr\/wp-content\/uploads\/2022\/08\/mekanik.png 1920w, https:\/\/gmgarage.com.tr\/wp-content\/uploads\/2022\/08\/mekanik-300x169.png 300w, https:\/\/gmgarage.com.tr\/wp-content\/uploads\/2022\/08\/mekanik-1024x576.png 1024w, https:\/\/gmgarage.com.tr\/wp-content\/uploads\/2022\/08\/mekanik-768x432.png 768w, https:\/\/gmgarage.com.tr\/wp-content\/uploads\/2022\/08\/mekanik-1536x864.png 1536w, https:\/\/gmgarage.com.tr\/wp-content\/uploads\/2022\/08\/mekanik-1200x675.png 1200w, https:\/\/gmgarage.com.tr\/wp-content\/uploads\/2022\/08\/mekanik-416x234.png 416w\" sizes=\"(max-width: 1920px) 100vw, 1920px\" \/><\/div><\/a>\n                <div class=\"post-content dsn-bg p-relative z-index-1 d-flex flex-column\">\n\n                    <div class=\"post-title-info\">\n\t\t\t\t\t\t\r\n\r\n<div class=\"post-meta max-w750\">\r\n\r\n\t<div class=\"p-relative d-inline-block dsn-category dsn-bg metas mb-10 entry-meta\"><span data-separator=\" ||  \"><a href=\"https:\/\/gmgarage.com.tr\/index.php\/dsn-blackdsn-categories\/otomotiv-servis\/\" title=\"T\u00fcm Yaz\u0131lar\u0131 G\u00f6r\u00fcnt\u00fcle \" class=\"effect-ajax\">Otomotiv Servis<\/a><\/span><\/div>\r\n<\/div>                    <\/div>\n\n\t\t\t\t\t                        <div class=\"post-description-info \">\n\t\t\t\t\t\t\t<a href=\"https:\/\/gmgarage.com.tr\/index.php\/blackdsn-portfolio\/mekanik\/\" class=\"effect-ajax dsn-post-link move-circle background-theme\"\r\n   data-dsn=\"parallax\"\r\n   data-dsn-ajax=\"work\" title=\"MEKAN\u0130K\">\r\n\t\u0130NCELE\r\n<\/a>\r\n                        <\/div>\n\t\t\t\t\t\n                <\/div>\n            <\/div>\n\n\n        <\/article>\n\n\t\n        <article class=\"dsn-item-post  grid-item over-hidden p-relative box-hover-image post-304 box-image-blackdsn  dsn-show-link otomotiv-servis  background-transparent swiper-slide\" >\n\n            <div class=\"box-content d-flex \">\n\n\t\t\t\t<h2 class=\"post-title word-wrap d-inline-block dsn-bg title-h2\"><a href=\"https:\/\/gmgarage.com.tr\/index.php\/blackdsn-portfolio\/kaporta\/\" class=\"effect-ajax init-color\" data-dsn-ajax=\"work\">KAPORTA<\/a><\/h2><a class=\"effect-ajax box-image-link bg-shadow\" href=\"https:\/\/gmgarage.com.tr\/index.php\/blackdsn-portfolio\/kaporta\/\" data-dsn-ajax=\"work\"\r\n   title=\"KAPORTA\">\r\n\t<div class=\"box-image-bg before-z-index dsn-swiper-parallax-transform\" data-overlay=\"3\"><img decoding=\"async\" width=\"1920\" height=\"1080\" src=\"https:\/\/gmgarage.com.tr\/wp-content\/uploads\/2022\/08\/kaporta.png\" class=\"cover-bg-img dsn-swiper-parallax-transform  wp-post-image\" alt=\"\" data-dsn-position=\"50% 50%\" srcset=\"https:\/\/gmgarage.com.tr\/wp-content\/uploads\/2022\/08\/kaporta.png 1920w, https:\/\/gmgarage.com.tr\/wp-content\/uploads\/2022\/08\/kaporta-300x169.png 300w, https:\/\/gmgarage.com.tr\/wp-content\/uploads\/2022\/08\/kaporta-1024x576.png 1024w, https:\/\/gmgarage.com.tr\/wp-content\/uploads\/2022\/08\/kaporta-768x432.png 768w, https:\/\/gmgarage.com.tr\/wp-content\/uploads\/2022\/08\/kaporta-1536x864.png 1536w, https:\/\/gmgarage.com.tr\/wp-content\/uploads\/2022\/08\/kaporta-1200x675.png 1200w, https:\/\/gmgarage.com.tr\/wp-content\/uploads\/2022\/08\/kaporta-416x234.png 416w\" sizes=\"(max-width: 1920px) 100vw, 1920px\" \/><\/div><\/a>\n                <div class=\"post-content dsn-bg p-relative z-index-1 d-flex flex-column\">\n\n                    <div class=\"post-title-info\">\n\t\t\t\t\t\t\r\n\r\n<div class=\"post-meta max-w750\">\r\n\r\n\t<div class=\"p-relative d-inline-block dsn-category dsn-bg metas mb-10 entry-meta\"><span data-separator=\" ||  \"><a href=\"https:\/\/gmgarage.com.tr\/index.php\/dsn-blackdsn-categories\/otomotiv-servis\/\" title=\"T\u00fcm Yaz\u0131lar\u0131 G\u00f6r\u00fcnt\u00fcle \" class=\"effect-ajax\">Otomotiv Servis<\/a><\/span><\/div>\r\n<\/div>                    <\/div>\n\n\t\t\t\t\t                        <div class=\"post-description-info \">\n\t\t\t\t\t\t\t<a href=\"https:\/\/gmgarage.com.tr\/index.php\/blackdsn-portfolio\/kaporta\/\" class=\"effect-ajax dsn-post-link move-circle background-theme\"\r\n   data-dsn=\"parallax\"\r\n   data-dsn-ajax=\"work\" title=\"KAPORTA\">\r\n\t\u0130NCELE\r\n<\/a>\r\n                        <\/div>\n\t\t\t\t\t\n                <\/div>\n            <\/div>\n\n\n        <\/article>\n\n\t\n        <article class=\"dsn-item-post  grid-item over-hidden p-relative box-hover-image post-85 box-image-blackdsn  dsn-show-link otomotiv-servis  background-transparent swiper-slide\" >\n\n            <div class=\"box-content d-flex \">\n\n\t\t\t\t<h2 class=\"post-title word-wrap d-inline-block dsn-bg title-h2\"><a href=\"https:\/\/gmgarage.com.tr\/index.php\/blackdsn-portfolio\/boya\/\" class=\"effect-ajax init-color\" data-dsn-ajax=\"work\">BOYA<\/a><\/h2><a class=\"effect-ajax box-image-link bg-shadow\" href=\"https:\/\/gmgarage.com.tr\/index.php\/blackdsn-portfolio\/boya\/\" data-dsn-ajax=\"work\"\r\n   title=\"BOYA\">\r\n\t<div class=\"box-image-bg before-z-index dsn-swiper-parallax-transform\" data-overlay=\"2\"><img loading=\"lazy\" decoding=\"async\" width=\"1920\" height=\"1080\" src=\"https:\/\/gmgarage.com.tr\/wp-content\/uploads\/2022\/08\/Boya.png\" class=\"cover-bg-img dsn-swiper-parallax-transform  wp-post-image\" alt=\"\" data-dsn-position=\"50% 50%\" srcset=\"https:\/\/gmgarage.com.tr\/wp-content\/uploads\/2022\/08\/Boya.png 1920w, https:\/\/gmgarage.com.tr\/wp-content\/uploads\/2022\/08\/Boya-300x169.png 300w, https:\/\/gmgarage.com.tr\/wp-content\/uploads\/2022\/08\/Boya-1024x576.png 1024w, https:\/\/gmgarage.com.tr\/wp-content\/uploads\/2022\/08\/Boya-768x432.png 768w, https:\/\/gmgarage.com.tr\/wp-content\/uploads\/2022\/08\/Boya-1536x864.png 1536w, https:\/\/gmgarage.com.tr\/wp-content\/uploads\/2022\/08\/Boya-1200x675.png 1200w, https:\/\/gmgarage.com.tr\/wp-content\/uploads\/2022\/08\/Boya-416x234.png 416w\" sizes=\"(max-width: 1920px) 100vw, 1920px\" \/><\/div><\/a>\n                <div class=\"post-content dsn-bg p-relative z-index-1 d-flex flex-column\">\n\n                    <div class=\"post-title-info\">\n\t\t\t\t\t\t\r\n\r\n<div class=\"post-meta max-w750\">\r\n\r\n\t<div class=\"p-relative d-inline-block dsn-category dsn-bg metas mb-10 entry-meta\"><span data-separator=\" ||  \"><a href=\"https:\/\/gmgarage.com.tr\/index.php\/dsn-blackdsn-categories\/otomotiv-servis\/\" title=\"T\u00fcm Yaz\u0131lar\u0131 G\u00f6r\u00fcnt\u00fcle \" class=\"effect-ajax\">Otomotiv Servis<\/a><\/span><\/div>\r\n<\/div>                    <\/div>\n\n\t\t\t\t\t                        <div class=\"post-description-info \">\n\t\t\t\t\t\t\t<a href=\"https:\/\/gmgarage.com.tr\/index.php\/blackdsn-portfolio\/boya\/\" class=\"effect-ajax dsn-post-link move-circle background-theme\"\r\n   data-dsn=\"parallax\"\r\n   data-dsn-ajax=\"work\" title=\"BOYA\">\r\n\t\u0130NCELE\r\n<\/a>\r\n                        <\/div>\n\t\t\t\t\t\n                <\/div>\n            <\/div>\n\n\n        <\/article>\n\n\t\n        <article class=\"dsn-item-post  grid-item over-hidden p-relative box-hover-image post-6 box-image-blackdsn  dsn-show-link   background-transparent swiper-slide\" >\n\n            <div class=\"box-content d-flex \">\n\n\t\t\t\t<h2 class=\"post-title word-wrap d-inline-block dsn-bg title-h2\"><a href=\"https:\/\/gmgarage.com.tr\/index.php\/blackdsn-portfolio\/elektrik\/\" class=\"effect-ajax init-color\" data-dsn-ajax=\"work\">ELEKTR\u0130K<\/a><\/h2><a class=\"effect-ajax box-image-link bg-shadow\" href=\"https:\/\/gmgarage.com.tr\/index.php\/blackdsn-portfolio\/elektrik\/\" data-dsn-ajax=\"work\"\r\n   title=\"ELEKTR\u0130K\">\r\n\t<div class=\"box-image-bg before-z-index dsn-swiper-parallax-transform\" data-overlay=\"4\"><img loading=\"lazy\" decoding=\"async\" width=\"1920\" height=\"1080\" src=\"https:\/\/gmgarage.com.tr\/wp-content\/uploads\/2022\/08\/elektrik.png\" class=\"cover-bg-img dsn-swiper-parallax-transform  wp-post-image\" alt=\"\" data-dsn-position=\"50% 50%\" srcset=\"https:\/\/gmgarage.com.tr\/wp-content\/uploads\/2022\/08\/elektrik.png 1920w, https:\/\/gmgarage.com.tr\/wp-content\/uploads\/2022\/08\/elektrik-300x169.png 300w, https:\/\/gmgarage.com.tr\/wp-content\/uploads\/2022\/08\/elektrik-1024x576.png 1024w, https:\/\/gmgarage.com.tr\/wp-content\/uploads\/2022\/08\/elektrik-768x432.png 768w, https:\/\/gmgarage.com.tr\/wp-content\/uploads\/2022\/08\/elektrik-1536x864.png 1536w, https:\/\/gmgarage.com.tr\/wp-content\/uploads\/2022\/08\/elektrik-1200x675.png 1200w, https:\/\/gmgarage.com.tr\/wp-content\/uploads\/2022\/08\/elektrik-416x234.png 416w\" sizes=\"(max-width: 1920px) 100vw, 1920px\" \/><\/div><\/a>\n                <div class=\"post-content dsn-bg p-relative z-index-1 d-flex flex-column\">\n\n                    <div class=\"post-title-info\">\n\t\t\t\t\t\t\r\n\r\n<div class=\"post-meta max-w750\">\r\n\r\n\t\r\n<\/div>                    <\/div>\n\n\t\t\t\t\t                        <div class=\"post-description-info \">\n\t\t\t\t\t\t\t<a href=\"https:\/\/gmgarage.com.tr\/index.php\/blackdsn-portfolio\/elektrik\/\" class=\"effect-ajax dsn-post-link move-circle background-theme\"\r\n   data-dsn=\"parallax\"\r\n   data-dsn-ajax=\"work\" title=\"ELEKTR\u0130K\">\r\n\t\u0130NCELE\r\n<\/a>\r\n                        <\/div>\n\t\t\t\t\t\n                <\/div>\n            <\/div>\n\n\n        <\/article>\n\n\t\n<\/div><div style=\"display:none;\" class=\"dsn-arrow-custom\" data-dsn-id=\"9380076\"><\/div><\/div><\/div><\/div><\/div>\t\t\t\t<\/div>\n\t\t\t\t<\/div>\n\t\t\t\t\t<\/div>\n\t\t\t\t<\/div>\n\t\t\t\t<\/div>\n\t\t","protected":false},"excerpt":{"rendered":"<p>PROFESYONEL SERV\u0130S H\u0130ZMETLER\u0130M\u0130Z GM GARAGE \u0130leti\u015fim KAPORTA Otomotiv Servis \u0130NCELE BOYA Otomotiv Servis \u0130NCELE MEKAN\u0130K Otomotiv Servis \u0130NCELE ELEKTR\u0130K \u0130NCELE KUAF\u00d6R Otomotiv Servis \u0130NCELE<\/p>\n","protected":false},"author":1,"featured_media":0,"parent":0,"menu_order":9,"comment_status":"closed","ping_status":"closed","template":"","meta":{"footnotes":""},"class_list":["post-4262","page","type-page","status-publish","hentry"],"acf":[],"_links":{"self":[{"href":"https:\/\/gmgarage.com.tr\/index.php\/wp-json\/wp\/v2\/pages\/4262","targetHints":{"allow":["GET"]}}],"collection":[{"href":"https:\/\/gmgarage.com.tr\/index.php\/wp-json\/wp\/v2\/pages"}],"about":[{"href":"https:\/\/gmgarage.com.tr\/index.php\/wp-json\/wp\/v2\/types\/page"}],"author":[{"embeddable":true,"href":"https:\/\/gmgarage.com.tr\/index.php\/wp-json\/wp\/v2\/users\/1"}],"replies":[{"embeddable":true,"href":"https:\/\/gmgarage.com.tr\/index.php\/wp-json\/wp\/v2\/comments?post=4262"}],"version-history":[{"count":16,"href":"https:\/\/gmgarage.com.tr\/index.php\/wp-json\/wp\/v2\/pages\/4262\/revisions"}],"predecessor-version":[{"id":12069,"href":"https:\/\/gmgarage.com.tr\/index.php\/wp-json\/wp\/v2\/pages\/4262\/revisions\/12069"}],"wp:attachment":[{"href":"https:\/\/gmgarage.com.tr\/index.php\/wp-json\/wp\/v2\/media?parent=4262"}],"curies":[{"name":"wp","href":"https:\/\/api.w.org\/{rel}","templated":true}]}}